{"id":11969,"date":"2017-10-24T22:13:33","date_gmt":"2017-10-24T20:13:33","guid":{"rendered":"http:\/\/etikpetrol.com.tr\/?page_id=11969"},"modified":"2026-04-15T16:20:43","modified_gmt":"2026-04-15T16:20:43","slug":"homepage","status":"publish","type":"page","link":"https:\/\/etikpetrol.com.tr\/","title":{"rendered":""},"content":{"rendered":"\n<div class=\"wp-block-columns \\&quot;wp-block-columns\\&quot; is-layout-flex wp-container-core-columns-is-layout-9d6595d7 wp-block-columns-is-layout-flex\">\n<div class=\"wp-block-column \\&quot;wp-block-column\\&quot; is-layout-flow wp-block-column-is-layout-flow\">\n<figure class=\"wp-block-image size-large is-resized\"><img decoding=\"async\" width=\"1024\" height=\"182\" src=\"https:\/\/etikpetrol-com-tr.preview-domain.com\/wp-content\/uploads\/2022\/09\/Etik-1-1024x182.png\" alt=\"\" class=\"wp-image-12165\" style=\"width:287px;height:51px\" srcset=\"https:\/\/etikpetrol.com.tr\/wp-content\/uploads\/2022\/09\/Etik-1-1024x182.png 1024w, https:\/\/etikpetrol.com.tr\/wp-content\/uploads\/2022\/09\/Etik-1-300x53.png 300w, https:\/\/etikpetrol.com.tr\/wp-content\/uploads\/2022\/09\/Etik-1-768x137.png 768w, https:\/\/etikpetrol.com.tr\/wp-content\/uploads\/2022\/09\/Etik-1.png 1108w\" sizes=\"(max-width: 1024px) 100vw, 1024px\" \/><\/figure>\n\n\n\n<p>Fo\u00e7a, Bayrakl\u0131 ve Menemen&#8217;de Hizmetinizdeyiz.<\/p>\n<\/div>\n<\/div>\n\n\n\n<div class=\"wp-block-columns \\&quot;wp-block-columns\\&quot; is-layout-flex wp-container-core-columns-is-layout-9d6595d7 wp-block-columns-is-layout-flex\">\n<div class=\"wp-block-column \\&quot;wp-block-column\\&quot; is-layout-flow wp-block-column-is-layout-flow\">\n<p><\/p>\n\n\n\n<p class=\"has-text-align-center \\&quot;has-text-align-center\\&quot; has-medium-font-size\"><strong>Etik Petrol &#8211; Bayrakl\u0131<\/strong><\/p>\n\n\n\n<figure class=\"wp-block-image size-large is-style-rounded coblocks-animate\" data-coblocks-animation=\"slideInLeft\"><img decoding=\"async\" width=\"1024\" height=\"768\" src=\"https:\/\/etikpetrol-com-tr.preview-domain.com\/wp-content\/uploads\/2022\/09\/463FDF28-334B-4180-83E3-03015DD64DC1-1024x768.jpeg\" alt=\"\" class=\"wp-image-12148\" srcset=\"https:\/\/etikpetrol.com.tr\/wp-content\/uploads\/2022\/09\/463FDF28-334B-4180-83E3-03015DD64DC1-1024x768.jpeg 1024w, https:\/\/etikpetrol.com.tr\/wp-content\/uploads\/2022\/09\/463FDF28-334B-4180-83E3-03015DD64DC1-300x225.jpeg 300w, https:\/\/etikpetrol.com.tr\/wp-content\/uploads\/2022\/09\/463FDF28-334B-4180-83E3-03015DD64DC1-768x576.jpeg 768w, https:\/\/etikpetrol.com.tr\/wp-content\/uploads\/2022\/09\/463FDF28-334B-4180-83E3-03015DD64DC1-1536x1152.jpeg 1536w, https:\/\/etikpetrol.com.tr\/wp-content\/uploads\/2022\/09\/463FDF28-334B-4180-83E3-03015DD64DC1-2048x1536.jpeg 2048w\" sizes=\"(max-width: 1024px) 100vw, 1024px\" \/><\/figure>\n\n\n\n<p class=\"has-text-align-center\"><a rel=\"noreferrer noopener\" href=\"http:\/\/goo.gl\/maps\/UzamRcwZNQZNckQu6\" target=\"_blank\"><strong>Yol Tarifi Al\u0131n<\/strong><\/a><\/p>\n\n\n\n<p>Adres: Adalet Mahallesi Anadolu Caddesi No:32\/10 Bayrakl\u0131 \/ \u0130ZM\u0130R<\/p>\n\n\n\n<div class=\"wp-block-group\"><div class=\"wp-block-group__inner-container is-layout-flow wp-block-group-is-layout-flow\">\n<p>Akaryak\u0131t ve Market hizmetlerimiz 24 saat kesintisiz verilmektedir.<\/p>\n<\/div><\/div>\n\n\n\n<p class=\"has-text-align-left \\&quot;has-text-align-center\\&quot;\" style=\"font-size:16px\">Telefon: 0232 &#8211; 461 60 61<\/p>\n\n\n\n<p>Elektronik Posta: bayrakli@etikpetrol.com<\/p>\n\n\n\n<iframe src=\"https:\/\/www.google.com\/maps\/embed?pb=!1m18!1m12!1m3!1d3124.5652289514155!2d27.169270551364008!3d38.45151028060713!2m3!1f0!2f0!3f0!3m2!1i1024!2i768!4f13.1!3m3!1m2!1s0x14bbd91233317347%3A0x32330ba9e7575e03!2sEtik%20Petrol%20-%20Bayrakl%C4%B1!5e0!3m2!1str!2str!4v1675510744997!5m2!1str!2str\" width=\"600\" height=\"450\" style=\"border:0;\" allowfullscreen=\"\" loading=\"lazy\" referrerpolicy=\"no-referrer-when-downgrade\"><\/iframe>\n<\/div>\n\n\n\n<div class=\"wp-block-column \\&quot;wp-block-column\\&quot; is-layout-flow wp-block-column-is-layout-flow\">\n<p><\/p>\n\n\n\n<p class=\"has-text-align-center \\&quot;has-text-align-center\\&quot; has-medium-font-size\"><strong>Etik Petrol &#8211; Fo\u00e7a<\/strong><\/p>\n\n\n<div class=\"wp-block-image is-style-rounded\">\n<figure class=\"aligncenter size-large coblocks-animate\" data-coblocks-animation=\"slideInBottom\"><img decoding=\"async\" width=\"1024\" height=\"768\" src=\"https:\/\/etikpetrol-com-tr.preview-domain.com\/wp-content\/uploads\/2022\/09\/E9E87593-B1CA-47F8-8489-DE719025A9A0-scaled.jpeg-1024x768.webp\" alt=\"\" class=\"wp-image-12112\" srcset=\"https:\/\/etikpetrol.com.tr\/wp-content\/uploads\/2022\/09\/E9E87593-B1CA-47F8-8489-DE719025A9A0-scaled.jpeg-1024x768.webp 1024w, https:\/\/etikpetrol.com.tr\/wp-content\/uploads\/2022\/09\/E9E87593-B1CA-47F8-8489-DE719025A9A0-scaled.jpeg-300x225.webp 300w, https:\/\/etikpetrol.com.tr\/wp-content\/uploads\/2022\/09\/E9E87593-B1CA-47F8-8489-DE719025A9A0-scaled.jpeg-768x576.webp 768w, https:\/\/etikpetrol.com.tr\/wp-content\/uploads\/2022\/09\/E9E87593-B1CA-47F8-8489-DE719025A9A0-scaled.jpeg-1536x1152.webp 1536w, https:\/\/etikpetrol.com.tr\/wp-content\/uploads\/2022\/09\/E9E87593-B1CA-47F8-8489-DE719025A9A0-scaled.jpeg.webp 2048w\" sizes=\"(max-width: 1024px) 100vw, 1024px\" \/><\/figure>\n<\/div>\n\n\n<p class=\"has-text-align-center \\&quot;has-text-align-center\\&quot;\"><a rel=\"\\&quot;noreferrer noopener\" href=\"\/\/g.page\/Etik-Petrol?share\\&quot;\" target=\"\\&quot;_blank\\&quot;\"><strong>Yol Tarifi Al\u0131n<\/strong><\/a><\/p>\n\n\n\n<p>Adres: Atat\u00fcrk Mahallesi De\u011firmenlik Caddesi No:6 Fo\u00e7a \/ \u0130ZM\u0130R<\/p>\n\n\n\n<p>Akaryak\u0131t hizmetimiz 24 saat kesintisiz, <strong>Market hizmetlerimiz 08:00-22:00 saatleri aras\u0131ndad\u0131r.<\/strong><\/p>\n\n\n\n<p class=\"has-text-align-left \\&quot;has-text-align-center\\&quot;\" style=\"font-size:16px\">Telefon: 0232 &#8211; 812 11 79<\/p>\n\n\n\n<p>Elektronik Posta: foca@etikpetrol.com<\/p>\n\n\n\n<iframe src=\"https:\/\/www.google.com\/maps\/embed?pb=!1m18!1m12!1m3!1d3115.2717462893183!2d26.7542112513679!3d38.665622368076846!2m3!1f0!2f0!3f0!3m2!1i1024!2i768!4f13.1!3m3!1m2!1s0x14bbb5b6bbbb9a15%3A0x666cb62857a3873c!2sPetrol%20Ofisi!5e0!3m2!1str!2str!4v1675510723521!5m2!1str!2str\" width=\"600\" height=\"450\" style=\"border:0;\" allowfullscreen=\"\" loading=\"lazy\" referrerpolicy=\"no-referrer-when-downgrade\"><\/iframe>\n<\/div>\n\n\n\n<div class=\"wp-block-column \\&quot;wp-block-column\\&quot; is-layout-flow wp-block-column-is-layout-flow\">\n<p><\/p>\n\n\n\n<p class=\"has-text-align-center \\&quot;has-text-align-center\\&quot; has-medium-font-size\"><strong>Aba\u015f Petrol &#8211; Menemen<\/strong><\/p>\n\n\n<div class=\"wp-block-image is-style-rounded\">\n<figure class=\"aligncenter size-large coblocks-animate\" data-coblocks-animation=\"slideInRight\"><img decoding=\"async\" width=\"1024\" height=\"768\" src=\"https:\/\/etikpetrol-com-tr.preview-domain.com\/wp-content\/uploads\/2022\/09\/3E97D26B-1E09-4538-9CB7-1BC4B56C82F9-1024x768.jpeg\" alt=\"\" class=\"wp-image-12152\" srcset=\"https:\/\/etikpetrol.com.tr\/wp-content\/uploads\/2022\/09\/3E97D26B-1E09-4538-9CB7-1BC4B56C82F9-1024x768.jpeg 1024w, https:\/\/etikpetrol.com.tr\/wp-content\/uploads\/2022\/09\/3E97D26B-1E09-4538-9CB7-1BC4B56C82F9-300x225.jpeg 300w, https:\/\/etikpetrol.com.tr\/wp-content\/uploads\/2022\/09\/3E97D26B-1E09-4538-9CB7-1BC4B56C82F9-768x576.jpeg 768w, https:\/\/etikpetrol.com.tr\/wp-content\/uploads\/2022\/09\/3E97D26B-1E09-4538-9CB7-1BC4B56C82F9-1536x1152.jpeg 1536w, https:\/\/etikpetrol.com.tr\/wp-content\/uploads\/2022\/09\/3E97D26B-1E09-4538-9CB7-1BC4B56C82F9-2048x1536.jpeg 2048w\" sizes=\"(max-width: 1024px) 100vw, 1024px\" \/><\/figure>\n<\/div>\n\n\n<p class=\"has-text-align-center \\&quot;has-text-align-center\\&quot;\"><a rel=\"\\&quot;noreferrer noopener\" href=\"\/\/goo.gl\/maps\/9cQKUnZt62anG6TJ8\\&quot;\" target=\"\\&quot;_blank\\&quot;\"><strong>Yol Tarifi Al\u0131n<\/strong><\/a><\/p>\n\n\n\n<p>Adres: Mermerli Mahallesi \u0130nkilap Caddesi No:68 Menemen \/ \u0130ZM\u0130R<\/p>\n\n\n\n<p>Akaryak\u0131t ve Market hizmetlerimiz 24 saat kesintisiz verilmektedir.<\/p>\n\n\n\n<p class=\"has-text-align-left \\&quot;has-text-align-center\\&quot;\" style=\"font-size:16px\">Telefon: 0232 &#8211; 831 52 00 <\/p>\n\n\n\n<p>Elektronik Posta: menemen@etikpetrol.com<\/p>\n\n\n\n<iframe src=\"https:\/\/www.google.com\/maps\/embed?pb=!1m18!1m12!1m3!1d24949.00819926959!2d27.05856196804747!3d38.58845898404787!2m3!1f0!2f0!3f0!3m2!1i1024!2i768!4f13.1!3m3!1m2!1s0x14bbd37b4ce95e7d%3A0xe4dadf90fdc66ffc!2sPetrol%20Ofisi!5e0!3m2!1str!2str!4v1675510688777!5m2!1str!2str\" width=\"600\" height=\"450\" style=\"border:0;\" allowfullscreen=\"\" loading=\"lazy\" referrerpolicy=\"no-referrer-when-downgrade\"><\/iframe>\n<\/div>\n<\/div>\n\n\n\n<div class=\"wp-block-columns \\&quot;wp-block-columns\\&quot; is-layout-flex wp-container-core-columns-is-layout-9d6595d7 wp-block-columns-is-layout-flex\">\n<div class=\"wp-block-column \\&quot;wp-block-column\\&quot; is-layout-flow wp-block-column-is-layout-flow\">\n<p>Etik Petrol San. ve Tic. Ltd. \u015eti &#8211; Aba\u015f Proje \u0130n\u015f. ve Petr. \u00dcr. San. Tic. A.\u015e. ~2023.<\/p>\n<\/div>\n<\/div>\n","protected":false},"excerpt":{"rendered":"<p>Fo\u00e7a, Bayrakl\u0131 ve Menemen&#8217;de Hizmetinizdeyiz. Etik Petrol &#8211; Bayrakl\u0131 Yol Tarifi Al\u0131n Adres: Adalet Mahallesi Anadolu Caddesi No:32\/10 Bayrakl\u0131 \/ \u0130ZM\u0130R Akaryak\u0131t ve Market hizmetlerimiz 24 saat kesintisiz verilmektedir. Telefon: 0232 &#8211; 461 60 61 Elektronik Posta: bayrakli@etikpetrol.com Etik Petrol &#8211; Fo\u00e7a Yol Tarifi Al\u0131n Adres: Atat\u00fcrk Mahallesi De\u011firmenlik Caddesi No:6 Fo\u00e7a \/ \u0130ZM\u0130R Akaryak\u0131t&hellip;&nbsp;<\/p>\n","protected":false},"author":2,"featured_media":0,"parent":0,"menu_order":0,"comment_status":"closed","ping_status":"closed","template":"","meta":{"_coblocks_attr":"","_coblocks_dimensions":"","_coblocks_responsive_height":"","_coblocks_accordion_ie_support":"","_monsterinsights_skip_tracking":false,"_monsterinsights_sitenote_active":false,"_monsterinsights_sitenote_note":"","_monsterinsights_sitenote_category":0,"neve_meta_sidebar":"","neve_meta_container":"contained","neve_meta_enable_content_width":"","neve_meta_content_width":0,"neve_meta_title_alignment":"center","neve_meta_author_avatar":"","neve_post_elements_order":"","neve_meta_disable_header":"","neve_meta_disable_footer":"off","neve_meta_disable_title":"off","footnotes":""},"class_list":["post-11969","page","type-page","status-publish","hentry"],"_links":{"self":[{"href":"https:\/\/etikpetrol.com.tr\/index.php?rest_route=\/wp\/v2\/pages\/11969","targetHints":{"allow":["GET"]}}],"collection":[{"href":"https:\/\/etikpetrol.com.tr\/index.php?rest_route=\/wp\/v2\/pages"}],"about":[{"href":"https:\/\/etikpetrol.com.tr\/index.php?rest_route=\/wp\/v2\/types\/page"}],"author":[{"embeddable":true,"href":"https:\/\/etikpetrol.com.tr\/index.php?rest_route=\/wp\/v2\/users\/2"}],"replies":[{"embeddable":true,"href":"https:\/\/etikpetrol.com.tr\/index.php?rest_route=%2Fwp%2Fv2%2Fcomments&post=11969"}],"version-history":[{"count":30,"href":"https:\/\/etikpetrol.com.tr\/index.php?rest_route=\/wp\/v2\/pages\/11969\/revisions"}],"predecessor-version":[{"id":12199,"href":"https:\/\/etikpetrol.com.tr\/index.php?rest_route=\/wp\/v2\/pages\/11969\/revisions\/12199"}],"wp:attachment":[{"href":"https:\/\/etikpetrol.com.tr\/index.php?rest_route=%2Fwp%2Fv2%2Fmedia&parent=11969"}],"curies":[{"name":"wp","href":"https:\/\/api.w.org\/{rel}","templated":true}]}}